{"id":1056,"date":"2022-09-03T06:46:53","date_gmt":"2022-09-03T06:46:53","guid":{"rendered":"https:\/\/www.murtal-storage.at\/?page_id=1056"},"modified":"2025-09-28T16:57:55","modified_gmt":"2025-09-28T16:57:55","slug":"lagerbox-self-storage","status":"publish","type":"page","link":"https:\/\/www.murtal-storage.at\/?page_id=1056","title":{"rendered":"Lagerbox &#8211; Selfstorage"},"content":{"rendered":"<p>[vc_row scheme=&#8221;murtal_gruen&#8221; hide_bg_image_on_tablet=&#8221;&#8221; hide_bg_image_on_mobile=&#8221;&#8221; css=&#8221;.vc_custom_1662273430000{background-color: #2d572c !important;}&#8221;][vc_column width=&#8221;1\/3&#8243; icons_position=&#8221;left&#8221;][vc_empty_space hide_on_desktop=&#8221;&#8221; hide_on_notebook=&#8221;&#8221; hide_on_tablet=&#8221;&#8221; hide_on_mobile=&#8221;&#8221;][vc_single_image image=&#8221;1103&#8243; img_size=&#8221;370&#215;250&#8243;][vc_empty_space hide_on_desktop=&#8221;&#8221; hide_on_notebook=&#8221;&#8221; hide_on_tablet=&#8221;&#8221; hide_on_mobile=&#8221;&#8221;][vc_empty_space hide_on_desktop=&#8221;&#8221; hide_on_notebook=&#8221;&#8221; hide_on_tablet=&#8221;&#8221; hide_on_mobile=&#8221;&#8221;][vc_column_text]Alle Container verf\u00fcgen \u00fcber Stromanschluss (1 x 400V und 2 x 230V), sowie einen Lichtbalken mit Schalter an der T\u00fcr. Bezahlt wird nat\u00fcrlich nur das, was auch verbraucht wurde! Mit einem Stromz\u00e4hler pro Container kann punktgenau abgerechnet werden.[\/vc_column_text][\/vc_column][vc_column width=&#8221;1\/3&#8243; icons_position=&#8221;left&#8221;][vc_empty_space hide_on_desktop=&#8221;&#8221; hide_on_notebook=&#8221;&#8221; hide_on_tablet=&#8221;&#8221; hide_on_mobile=&#8221;&#8221;][vc_single_image image=&#8221;1012&#8243; img_size=&#8221;370&#215;250&#8243;][vc_empty_space hide_on_desktop=&#8221;&#8221; hide_on_notebook=&#8221;&#8221; hide_on_tablet=&#8221;&#8221; hide_on_mobile=&#8221;&#8221;][vc_empty_space hide_on_desktop=&#8221;&#8221; hide_on_notebook=&#8221;&#8221; hide_on_tablet=&#8221;&#8221; hide_on_mobile=&#8221;&#8221;][vc_column_text]Sicher ist sicher! Die Eingangst\u00fcren sind mit einem Sicherheitsschloss und zus\u00e4tzlich mit einem Vorh\u00e4ngeschloss absperrbar. Auf der Innenseite sind rundum Bolzen, die die T\u00fcren gegen aushebeln sichern, angebracht.[\/vc_column_text][\/vc_column][vc_column width=&#8221;1\/3&#8243; icons_position=&#8221;left&#8221;][vc_empty_space hide_on_desktop=&#8221;&#8221; hide_on_notebook=&#8221;&#8221; hide_on_tablet=&#8221;&#8221; hide_on_mobile=&#8221;&#8221;][vc_single_image image=&#8221;1104&#8243; img_size=&#8221;350&#215;270&#8243;][vc_empty_space hide_on_desktop=&#8221;&#8221; hide_on_notebook=&#8221;&#8221; hide_on_tablet=&#8221;&#8221; hide_on_mobile=&#8221;&#8221;][vc_empty_space hide_on_desktop=&#8221;&#8221; hide_on_notebook=&#8221;&#8221; hide_on_tablet=&#8221;&#8221; hide_on_mobile=&#8221;&#8221;][vc_column_text]<strong>Alle Container Gr\u00f6sse XL sind als Garage zugelassen! <\/strong>An der Vorder- und Hinterseite sind L\u00fcftungs\u00f6ffnungen angebracht. Somit erh\u00e4lt Ihr wertvolles Fahrzeug immer ausreichend Frischluft was einer Schimmelbildung vorbeugt. Die T\u00fcren haben eine Doppeldichtlippe. Nat\u00fcrlich k\u00f6nnen Maus, Spinne und Co da nicht hinein&#8230;[\/vc_column_text][\/vc_column][\/vc_row][vc_row][vc_column icons_position=&#8221;left&#8221;][vc_column_text]<\/p>\n<div class=\"_3RWNI _3vNcZ\">\n<div class=\"_3GOdc _2bMwV\">\n<div class=\"_1OcK0 css-i3olu2\">\n<div class=\"_1Lpp_ _1IMiq\">\n<div class=\"_2fS9E\" data-testid=\"static-text-element\">\n<div class=\"_8xAV3\">\n<div class=\"\">\n<h4 style=\"text-align: center;\">zur Verf\u00fcgung stehen:<\/h4>\n<h3 style=\"text-align: center;\"><strong>Gr\u00f6\u00dfe L<\/strong> mit 6,63 m\u00b2<\/h3>\n<\/div>\n<\/div>\n<\/div>\n<\/div>\n<div class=\"_1Lpp_ _2d8XS\" style=\"text-align: center;\">\n<div class=\"_2fS9E\" data-testid=\"static-text-element\">\n<div class=\"_8xAV3\">\n<div class=\"\">\n<p>Innenma\u00dfe L\u00e4nge x Breite x H\u00f6he [mm]:<br \/>\n2831 x 2344 x 2376<\/p>\n<\/div>\n<\/div>\n<\/div>\n<\/div>\n<\/div>\n<\/div>\n<div class=\"_3GOdc _2bMwV\">\n<div class=\"_1OcK0 css-i3olu2\">\n<div class=\"_1Lpp_ _1IMiq\" style=\"text-align: center;\">\n<div class=\"_2fS9E\" data-testid=\"static-text-element\">\n<div class=\"_8xAV3\">\n<div class=\"\">\n<h3><strong>Gr\u00f6\u00dfe XL<\/strong> mit 13,82 m\u00b2<\/h3>\n<\/div>\n<\/div>\n<\/div>\n<\/div>\n<div class=\"_1Lpp_ _2d8XS\">\n<div class=\"_2fS9E\" data-testid=\"static-text-element\">\n<div class=\"_8xAV3\">\n<div class=\"\">\n<p style=\"text-align: center;\">Innenma\u00dfe L\u00e4nge x Breite x H\u00f6he [mm]:<br \/>\n5898 x 2344 x 2376<\/p>\n<\/div>\n<\/div>\n<\/div>\n<\/div>\n<\/div>\n<\/div>\n<\/div>\n<p>[\/vc_column_text][\/vc_column][\/vc_row][vc_row][vc_column icons_position=&#8221;left&#8221;]<div id=\"sc_content_1705913437\"\r\n\t\tclass=\"sc_content scheme_murtal_gruen sc_content_default sc_float_center  vc_custom_1662273846696\"><div class=\"sc_content_container\">[vc_empty_space hide_on_desktop=&#8221;&#8221; hide_on_notebook=&#8221;&#8221; hide_on_tablet=&#8221;&#8221; hide_on_mobile=&#8221;&#8221;]<div class=\"sc_item_button sc_button_wrap sc_align_center\"><a href=\"https:\/\/www.murtal-storage.at\/wp-content\/uploads\/2025\/09\/Preisliste-010725.pdf\" id=\"sc_button_202092854\" class=\"sc_button sc_button_default  vc_custom_1759078673201 sc_button_size_normal sc_button_icon_left\"><span class=\"sc_button_text\"><span class=\"sc_button_title\">Preisliste download<\/span><\/span><!-- \/.sc_button_text --><\/a><!-- \/.sc_button --><\/div><!-- \/.sc_item_button -->[vc_empty_space hide_on_desktop=&#8221;&#8221; hide_on_notebook=&#8221;&#8221; hide_on_tablet=&#8221;&#8221; hide_on_mobile=&#8221;&#8221;]<\/div><\/div><!-- \/.sc_content -->[\/vc_column][\/vc_row]<\/p>\n","protected":false},"excerpt":{"rendered":"<p>[vc_row scheme=&#8221;murtal_gruen&#8221; hide_bg_image_on_tablet=&#8221;&#8221; hide_bg_image_on_mobile=&#8221;&#8221; css=&#8221;.vc_custom_1662273430000{background-color: #2d572c !important;}&#8221;][vc_column width=&#8221;1\/3&#8243; icons_position=&#8221;left&#8221;][vc_empty_space hide_on_desktop=&#8221;&#8221;&hellip;<\/p>\n","protected":false},"author":1,"featured_media":0,"parent":40,"menu_order":0,"comment_status":"closed","ping_status":"closed","template":"","meta":{"footnotes":""},"class_list":["post-1056","page","type-page","status-publish","hentry"],"_links":{"self":[{"href":"https:\/\/www.murtal-storage.at\/index.php?rest_route=\/wp\/v2\/pages\/1056","targetHints":{"allow":["GET"]}}],"collection":[{"href":"https:\/\/www.murtal-storage.at\/index.php?rest_route=\/wp\/v2\/pages"}],"about":[{"href":"https:\/\/www.murtal-storage.at\/index.php?rest_route=\/wp\/v2\/types\/page"}],"author":[{"embeddable":true,"href":"https:\/\/www.murtal-storage.at\/index.php?rest_route=\/wp\/v2\/users\/1"}],"replies":[{"embeddable":true,"href":"https:\/\/www.murtal-storage.at\/index.php?rest_route=%2Fwp%2Fv2%2Fcomments&post=1056"}],"version-history":[{"count":17,"href":"https:\/\/www.murtal-storage.at\/index.php?rest_route=\/wp\/v2\/pages\/1056\/revisions"}],"predecessor-version":[{"id":1235,"href":"https:\/\/www.murtal-storage.at\/index.php?rest_route=\/wp\/v2\/pages\/1056\/revisions\/1235"}],"up":[{"embeddable":true,"href":"https:\/\/www.murtal-storage.at\/index.php?rest_route=\/wp\/v2\/pages\/40"}],"wp:attachment":[{"href":"https:\/\/www.murtal-storage.at\/index.php?rest_route=%2Fwp%2Fv2%2Fmedia&parent=1056"}],"curies":[{"name":"wp","href":"https:\/\/api.w.org\/{rel}","templated":true}]}}