{"id":1122,"date":"2022-09-04T07:18:39","date_gmt":"2022-09-04T07:18:39","guid":{"rendered":"https:\/\/www.murtal-storage.at\/?page_id=1122"},"modified":"2026-01-17T11:39:52","modified_gmt":"2026-01-17T11:39:52","slug":"abstellplatz","status":"publish","type":"page","link":"https:\/\/www.murtal-storage.at\/?page_id=1122","title":{"rendered":"Abstellplatz"},"content":{"rendered":"<p>[vc_row][vc_column width=&#8221;1\/3&#8243; hide_bg_image_on_tablet=&#8221;&#8221; hide_bg_image_on_mobile=&#8221;&#8221; icons_position=&#8221;left&#8221; css=&#8221;.vc_custom_1662275972084{background-color: #2d572c !important;}&#8221;][vc_empty_space hide_on_desktop=&#8221;&#8221; hide_on_notebook=&#8221;&#8221; hide_on_tablet=&#8221;&#8221; hide_on_mobile=&#8221;&#8221;][vc_single_image image=&#8221;1010&#8243; img_size=&#8221;370&#215;250&#8243;][vc_empty_space hide_on_desktop=&#8221;&#8221; hide_on_notebook=&#8221;&#8221; hide_on_tablet=&#8221;&#8221; hide_on_mobile=&#8221;&#8221;][vc_column_text scheme=&#8221;murtal_gruen&#8221;]Das gro\u00dfz\u00fcgige Platzangebot erspart das sonst meist \u00fcbliche enge Rangieren.<\/p>\n<p>Eine sehr g\u00fcnstige Alternative f\u00fcr den teuren Campingplatz- Stellplatz!<\/p>\n<p>Der Garten wird nicht mehr mit dem Wohnwagen oder Camper blockiert.[\/vc_column_text][\/vc_column][vc_column width=&#8221;1\/3&#8243; hide_bg_image_on_tablet=&#8221;&#8221; hide_bg_image_on_mobile=&#8221;&#8221; icons_position=&#8221;left&#8221; css=&#8221;.vc_custom_1662275982652{background-color: #2d572c !important;}&#8221;][vc_empty_space hide_on_desktop=&#8221;&#8221; hide_on_notebook=&#8221;&#8221; hide_on_tablet=&#8221;&#8221; hide_on_mobile=&#8221;&#8221;][vc_single_image image=&#8221;1244&#8243; img_size=&#8221;370&#215;250&#8243;][vc_empty_space hide_on_desktop=&#8221;&#8221; hide_on_notebook=&#8221;&#8221; hide_on_tablet=&#8221;&#8221; hide_on_mobile=&#8221;&#8221;][vc_column_text scheme=&#8221;murtal_gruen&#8221;]Angeboten werden auch Schutzd\u00e4cher um Ihr Fahrzeug vor Niederschlag und UV- Strahlung zu sch\u00fctzen.<\/p>\n<p>Es besteht auch die M\u00f6glichkeit zur Errichtung eines Schutzdaches in Eigenleistung. Die Miete wird hier nur f\u00fcr den Abstellplatz verrechnet![\/vc_column_text][\/vc_column][vc_column width=&#8221;1\/3&#8243; scheme=&#8221;murtal_gruen&#8221; hide_bg_image_on_tablet=&#8221;&#8221; hide_bg_image_on_mobile=&#8221;&#8221; icons_position=&#8221;left&#8221; css=&#8221;.vc_custom_1662276096602{background-color: #2d572c !important;}&#8221;][vc_empty_space hide_on_desktop=&#8221;&#8221; hide_on_notebook=&#8221;&#8221; hide_on_tablet=&#8221;&#8221; hide_on_mobile=&#8221;&#8221;][vc_single_image image=&#8221;1248&#8243; img_size=&#8221;370&#215;250&#8243;][vc_empty_space hide_on_desktop=&#8221;&#8221; hide_on_notebook=&#8221;&#8221; hide_on_tablet=&#8221;&#8221; hide_on_mobile=&#8221;&#8221;][vc_empty_space hide_on_desktop=&#8221;&#8221; hide_on_notebook=&#8221;&#8221; hide_on_tablet=&#8221;&#8221; hide_on_mobile=&#8221;&#8221;][vc_empty_space hide_on_desktop=&#8221;&#8221; hide_on_notebook=&#8221;&#8221; hide_on_tablet=&#8221;&#8221; hide_on_mobile=&#8221;&#8221;][vc_column_text]Hier finden auch Boote ein Zuhause f\u00fcr den Winter.<\/p>\n<p>Wenn Sie Ihr Brennholz gesch\u00fctzt einlagern wollen ist das auch kein Problem.<\/p>\n<p>&nbsp;<\/p>\n<p>[\/vc_column_text][\/vc_column][\/vc_row][vc_row][vc_column icons_position=&#8221;left&#8221;][vc_empty_space hide_on_desktop=&#8221;&#8221; hide_on_notebook=&#8221;&#8221; hide_on_tablet=&#8221;&#8221; hide_on_mobile=&#8221;&#8221;][\/vc_column][\/vc_row][vc_row][vc_column icons_position=&#8221;left&#8221;][vc_column_text scheme=&#8221;murtal_gruen&#8221; css=&#8221;.vc_custom_1662276634639{background-color: #2d572c !important;}&#8221;]<\/p>\n<p style=\"text-align: center;\"><strong><em>F\u00fcr Wohnwagen und Wohnmobile besteht die M\u00f6glichkeit zum Anschlu\u00df an das Stromnetz zum Aufladen der Bordbatterien.<\/em><\/strong><\/p>\n<p>[\/vc_column_text][\/vc_column][\/vc_row][vc_row][vc_column icons_position=&#8221;left&#8221;][vc_column_text]<\/p>\n<section class=\"_3ZDxh css-i3olu2\">\n<div class=\"_3UJpK\">\n<div class=\"_3RWNI\">\n<div class=\"_3GOdc _2bMwV\">\n<div class=\"_1OcK0 css-i3olu2\">\n<div class=\"_1Lpp_ _1IMiq\">\n<div class=\"_2fS9E\" data-testid=\"static-text-element\">\n<div class=\"_8xAV3\">\n<div class=\"\">\n<h3>zur Verf\u00fcgung stehen:<\/h3>\n<h3><strong>Schutzdachabstellplatz<\/strong> (&lt; 3,5 t)\u00a0 21m\u00b2<\/h3>\n<\/div>\n<\/div>\n<\/div>\n<\/div>\n<div class=\"_1Lpp_ _2d8XS\">\n<div class=\"_2fS9E\" data-testid=\"static-text-element\">\n<div class=\"_8xAV3\">\n<div class=\"\">\n<p>7 x 3\u00a0 [m]<\/p>\n<\/div>\n<\/div>\n<\/div>\n<\/div>\n<\/div>\n<\/div>\n<div class=\"_3GOdc _2bMwV\">\n<div class=\"_1OcK0 css-i3olu2\">\n<div class=\"_1Lpp_ _1IMiq\">\n<div class=\"_2fS9E\" data-testid=\"static-text-element\">\n<div class=\"_8xAV3\">\n<div class=\"\">\n<h3><strong>Camper\/ Wohnwagen- Abstellplatz<\/strong>\u00a0 \u00a0\u00a0 (&lt; 3,5 t)\u00a0 21m\u00b2<\/h3>\n<\/div>\n<\/div>\n<\/div>\n<\/div>\n<div class=\"_1Lpp_ _2d8XS\">\n<div class=\"_2fS9E\" data-testid=\"static-text-element\">\n<div class=\"_8xAV3\">\n<div class=\"\">\n<p>7 x 3\u00a0 [m]<\/p>\n<h3><\/h3>\n<\/div>\n<\/div>\n<\/div>\n<\/div>\n<\/div>\n<\/div>\n<div class=\"_3GOdc _2bMwV\">\n<div class=\"_1OcK0 css-i3olu2\">\n<div class=\"_1Lpp_ _1IMiq\">\n<div class=\"_2fS9E\" data-testid=\"static-text-element\">\n<div class=\"_8xAV3\">\n<div class=\"\">\n<h3><strong>PKW- Abstellplatz\u00a0\u00a0<\/strong> (&lt; 3,5 t)<\/h3>\n<\/div>\n<\/div>\n<\/div>\n<\/div>\n<div class=\"_1Lpp_ _2d8XS\">\n<div class=\"_2fS9E\" data-testid=\"static-text-element\">\n<div class=\"_8xAV3\">\n<div class=\"\">\n<p>6 x 2,5\u00a0 [m]<\/p>\n<h3><\/h3>\n<\/div>\n<\/div>\n<\/div>\n<\/div>\n<\/div>\n<\/div>\n<div class=\"_3GOdc _2bMwV\">\n<div class=\"_1OcK0 css-i3olu2\">\n<div class=\"_1Lpp_ _1IMiq\">\n<div class=\"_2fS9E\" data-testid=\"static-text-element\">\n<div class=\"_8xAV3\">\n<div class=\"\">\n<h3><strong>Kleinanh\u00e4nger- Abstellplatz<\/strong>\u00a0 (&lt; 5m)<\/h3>\n<\/div>\n<\/div>\n<\/div>\n<\/div>\n<div class=\"_1Lpp_ _2d8XS\">\n<div class=\"_2fS9E\" data-testid=\"static-text-element\">\n<div class=\"_8xAV3\">\n<div class=\"\">\n<p>5 x 2,5\u00a0 [m]<\/p>\n<h3><\/h3>\n<\/div>\n<\/div>\n<\/div>\n<\/div>\n<\/div>\n<\/div>\n<div class=\"_3GOdc _2bMwV\">\n<div class=\"_1OcK0 css-i3olu2\">\n<div class=\"_1Lpp_ _1IMiq\">\n<div class=\"_2fS9E\" data-testid=\"static-text-element\">\n<div class=\"_8xAV3\">\n<div class=\"\">\n<h3><strong>Sonderabstellplatz<\/strong><\/h3>\n<\/div>\n<\/div>\n<\/div>\n<\/div>\n<div class=\"_1Lpp_ _2d8XS\">\n<div class=\"_2fS9E\" data-testid=\"static-text-element\">\n<div class=\"_8xAV3\">\n<div class=\"\">\n<p>Ich bin nat\u00fcrlich auch f\u00fcr Spezialw\u00fcnsche offen<\/p>\n<\/div>\n<\/div>\n<\/div>\n<\/div>\n<\/div>\n<\/div>\n<\/div>\n<\/div>\n<\/section>\n<p>[\/vc_column_text][\/vc_column][\/vc_row][vc_row][vc_column icons_position=&#8221;left&#8221;]<div id=\"sc_content_1254578662\"\r\n\t\tclass=\"sc_content scheme_murtal_gruen sc_content_default sc_float_center  vc_custom_1662276866122\"><div class=\"sc_content_container\">[vc_empty_space hide_on_desktop=&#8221;&#8221; hide_on_notebook=&#8221;&#8221; hide_on_tablet=&#8221;&#8221; hide_on_mobile=&#8221;&#8221;]<div class=\"sc_item_button sc_button_wrap sc_align_center\"><a href=\"https:\/\/www.murtal-storage.at\/wp-content\/uploads\/2025\/09\/Preisliste-010725.pdfPreisliste-010725.pdf\" id=\"sc_button_532103162\" class=\"sc_button sc_button_default  vc_custom_1759078858599 sc_button_size_normal sc_button_icon_left\"><span class=\"sc_button_text sc_align_center\"><span class=\"sc_button_title\">Preisliste download<\/span><\/span><!-- \/.sc_button_text --><\/a><!-- \/.sc_button --><\/div><!-- \/.sc_item_button -->[vc_empty_space hide_on_desktop=&#8221;&#8221; hide_on_notebook=&#8221;&#8221; hide_on_tablet=&#8221;&#8221; hide_on_mobile=&#8221;&#8221;]<\/div><\/div><!-- \/.sc_content -->[\/vc_column][\/vc_row]<\/p>\n","protected":false},"excerpt":{"rendered":"<p>[vc_row][vc_column width=&#8221;1\/3&#8243; hide_bg_image_on_tablet=&#8221;&#8221; hide_bg_image_on_mobile=&#8221;&#8221; icons_position=&#8221;left&#8221; css=&#8221;.vc_custom_1662275972084{background-color: #2d572c !important;}&#8221;][vc_empty_space hide_on_desktop=&#8221;&#8221; hide_on_notebook=&#8221;&#8221;&hellip;<\/p>\n","protected":false},"author":1,"featured_media":0,"parent":40,"menu_order":0,"comment_status":"closed","ping_status":"closed","template":"","meta":{"footnotes":""},"class_list":["post-1122","page","type-page","status-publish","hentry"],"_links":{"self":[{"href":"https:\/\/www.murtal-storage.at\/index.php?rest_route=\/wp\/v2\/pages\/1122","targetHints":{"allow":["GET"]}}],"collection":[{"href":"https:\/\/www.murtal-storage.at\/index.php?rest_route=\/wp\/v2\/pages"}],"about":[{"href":"https:\/\/www.murtal-storage.at\/index.php?rest_route=\/wp\/v2\/types\/page"}],"author":[{"embeddable":true,"href":"https:\/\/www.murtal-storage.at\/index.php?rest_route=\/wp\/v2\/users\/1"}],"replies":[{"embeddable":true,"href":"https:\/\/www.murtal-storage.at\/index.php?rest_route=%2Fwp%2Fv2%2Fcomments&post=1122"}],"version-history":[{"count":25,"href":"https:\/\/www.murtal-storage.at\/index.php?rest_route=\/wp\/v2\/pages\/1122\/revisions"}],"predecessor-version":[{"id":1250,"href":"https:\/\/www.murtal-storage.at\/index.php?rest_route=\/wp\/v2\/pages\/1122\/revisions\/1250"}],"up":[{"embeddable":true,"href":"https:\/\/www.murtal-storage.at\/index.php?rest_route=\/wp\/v2\/pages\/40"}],"wp:attachment":[{"href":"https:\/\/www.murtal-storage.at\/index.php?rest_route=%2Fwp%2Fv2%2Fmedia&parent=1122"}],"curies":[{"name":"wp","href":"https:\/\/api.w.org\/{rel}","templated":true}]}}