{"id":1161,"date":"2022-09-04T13:26:59","date_gmt":"2022-09-04T13:26:59","guid":{"rendered":"https:\/\/www.murtal-storage.at\/?page_id=1161"},"modified":"2025-09-28T16:58:20","modified_gmt":"2025-09-28T16:58:20","slug":"lagerplatz","status":"publish","type":"page","link":"https:\/\/www.murtal-storage.at\/?page_id=1161","title":{"rendered":"Lagerplatz"},"content":{"rendered":"<p>[vc_row scheme=&#8221;murtal_gruen&#8221; hide_bg_image_on_tablet=&#8221;&#8221; hide_bg_image_on_mobile=&#8221;&#8221; row_delimiter=&#8221;&#8221; hide_on_desktop=&#8221;&#8221; hide_on_notebook=&#8221;&#8221; hide_on_tablet=&#8221;&#8221; hide_on_mobile=&#8221;&#8221; hide_on_frontpage=&#8221;&#8221; css=&#8221;.vc_custom_1662303012731{background-color: #2d572c !important;}&#8221;][vc_column width=&#8221;1\/3&#8243; scheme=&#8221;murtal_gruen&#8221; hide_bg_image_on_tablet=&#8221;&#8221; hide_bg_image_on_mobile=&#8221;&#8221; icons_position=&#8221;left&#8221; css=&#8221;.vc_custom_1662298899465{background-color: #2d572c !important;}&#8221;][vc_empty_space hide_on_desktop=&#8221;&#8221; hide_on_notebook=&#8221;&#8221; hide_on_tablet=&#8221;&#8221; hide_on_mobile=&#8221;&#8221;][vc_single_image image=&#8221;851&#8243; img_size=&#8221;350&#215;200&#8243;][vc_empty_space hide_on_desktop=&#8221;&#8221; hide_on_notebook=&#8221;&#8221; hide_on_tablet=&#8221;&#8221; hide_on_mobile=&#8221;&#8221;][\/vc_column][vc_column width=&#8221;1\/3&#8243; scheme=&#8221;murtal_gruen&#8221; hide_bg_image_on_tablet=&#8221;&#8221; hide_bg_image_on_mobile=&#8221;&#8221; icons_position=&#8221;left&#8221; css=&#8221;.vc_custom_1662298915345{background-color: #2d572c !important;}&#8221;][vc_empty_space hide_on_desktop=&#8221;&#8221; hide_on_notebook=&#8221;&#8221; hide_on_tablet=&#8221;&#8221; hide_on_mobile=&#8221;&#8221;][vc_single_image image=&#8221;1018&#8243; img_size=&#8221;350&#215;200&#8243;][vc_empty_space hide_on_desktop=&#8221;&#8221; hide_on_notebook=&#8221;&#8221; hide_on_tablet=&#8221;&#8221; hide_on_mobile=&#8221;&#8221;][\/vc_column][vc_column width=&#8221;1\/3&#8243; icons_position=&#8221;left&#8221;][vc_empty_space hide_on_desktop=&#8221;&#8221; hide_on_notebook=&#8221;&#8221; hide_on_tablet=&#8221;&#8221; hide_on_mobile=&#8221;&#8221;][vc_single_image image=&#8221;1165&#8243; img_size=&#8221;350&#215;200&#8243;][vc_empty_space hide_on_desktop=&#8221;&#8221; hide_on_notebook=&#8221;&#8221; hide_on_tablet=&#8221;&#8221; hide_on_mobile=&#8221;&#8221;][\/vc_column][\/vc_row][vc_row scheme=&#8221;murtal_gruen&#8221; hide_bg_image_on_tablet=&#8221;&#8221; hide_bg_image_on_mobile=&#8221;&#8221; row_delimiter=&#8221;&#8221; hide_on_desktop=&#8221;&#8221; hide_on_notebook=&#8221;&#8221; hide_on_tablet=&#8221;&#8221; hide_on_mobile=&#8221;&#8221; hide_on_frontpage=&#8221;&#8221; css=&#8221;.vc_custom_1662303101725{background-color: #2d572c !important;}&#8221;][vc_column icons_position=&#8221;left&#8221;][vc_column_text]<\/p>\n<p style=\"text-align: center;\">Der Lagerplatz eignet sich f\u00fcr fast alle G\u00fcter und kann auch als Umschlagplatz genutzt werden.*<\/p>\n<p style=\"text-align: center;\"><em>* Das Lagern von Sch\u00fcttgut oder \u00e4hnlichen staubenden Materialien ist leider nicht m\u00f6glich.<\/em><\/p>\n<p style=\"text-align: center;\">Die Errichtung von Zelten zur vor\u00fcbergehenden Lagererweiterung ist ebenfalls m\u00f6glich.<\/p>\n<p style=\"text-align: center;\">Wenn Sie Ihren eigenen Container abstellen wollen, kann dieser an das Stromnetz angeschlossen werden*<\/p>\n<p style=\"text-align: center;\"><em>* vorausgesetzt die E- Installation ist gepr\u00fcft und beinhaltet einen Z\u00e4hler<\/em><\/p>\n<p style=\"text-align: center;\"><em>*Bei dauernder Aufstellung\u00a0 eines Containers ist eine aliquote Bauabgabe f\u00e4llig. Ein fix aufgestellter Container ist laut VGH als bauliche Anlage anzusehen!<\/em><\/p>\n<p>[\/vc_column_text][\/vc_column][\/vc_row][vc_row][vc_column icons_position=&#8221;left&#8221;][vc_column_text]<\/p>\n<h3 style=\"text-align: left;\">zur Verf\u00fcgung stehen:<\/h3>\n<h3 class=\"text-align-center\" style=\"text-align: left;\">Fl\u00e4che 14-21 m\u00b2 Abmessung 7 x 3 [m]<\/h3>\n<p class=\"text-align-center\" style=\"text-align: left;\">zB.: 20ft Container<\/p>\n<h3 class=\"text-align-center\" style=\"text-align: left;\">Fl\u00e4che 8 bis 14 m\u00b2 Abmessung 4,6 x 3 [m]<\/h3>\n<p class=\"text-align-center\" style=\"text-align: left;\">zB.: 10 ft Container<\/p>\n<h3 class=\"text-align-center\" style=\"text-align: left;\">\u00a0Fl\u00e4che bis 8 m\u00b2 Abmessung 3 x 2,6 [m]<\/h3>\n<h3 class=\"text-align-center\" style=\"text-align: left;\">gr\u00f6\u00dfere Fl\u00e4che auf Anfrage<\/h3>\n<p>[\/vc_column_text][\/vc_column][\/vc_row][vc_row][vc_column icons_position=&#8221;left&#8221;]<div id=\"sc_content_327159850\"\r\n\t\tclass=\"sc_content scheme_murtal_gruen sc_content_default sc_float_center  vc_custom_1662302819869\"><div class=\"sc_content_container\">[vc_empty_space hide_on_desktop=&#8221;&#8221; hide_on_notebook=&#8221;&#8221; hide_on_tablet=&#8221;&#8221; hide_on_mobile=&#8221;&#8221;]<div class=\"sc_item_button sc_button_wrap sc_align_center\"><a href=\"https:\/\/www.murtal-storage.at\/wp-content\/uploads\/2025\/09\/Preisliste-010725.pdf\" id=\"sc_button_38090203\" class=\"sc_button sc_button_default  vc_custom_1759078698203 sc_button_size_normal sc_button_icon_left\"><span class=\"sc_button_text sc_align_center\"><span class=\"sc_button_title\">Preisliste download<\/span><\/span><!-- \/.sc_button_text --><\/a><!-- \/.sc_button --><\/div><!-- \/.sc_item_button -->[vc_empty_space hide_on_desktop=&#8221;&#8221; hide_on_notebook=&#8221;&#8221; hide_on_tablet=&#8221;&#8221; hide_on_mobile=&#8221;&#8221;]<\/div><\/div><!-- \/.sc_content -->[\/vc_column][\/vc_row]<\/p>\n","protected":false},"excerpt":{"rendered":"<p>[vc_row scheme=&#8221;murtal_gruen&#8221; hide_bg_image_on_tablet=&#8221;&#8221; hide_bg_image_on_mobile=&#8221;&#8221; row_delimiter=&#8221;&#8221; hide_on_desktop=&#8221;&#8221; hide_on_notebook=&#8221;&#8221; hide_on_tablet=&#8221;&#8221; hide_on_mobile=&#8221;&#8221; hide_on_frontpage=&#8221;&#8221;&hellip;<\/p>\n","protected":false},"author":1,"featured_media":0,"parent":40,"menu_order":0,"comment_status":"closed","ping_status":"closed","template":"","meta":{"footnotes":""},"class_list":["post-1161","page","type-page","status-publish","hentry"],"_links":{"self":[{"href":"https:\/\/www.murtal-storage.at\/index.php?rest_route=\/wp\/v2\/pages\/1161","targetHints":{"allow":["GET"]}}],"collection":[{"href":"https:\/\/www.murtal-storage.at\/index.php?rest_route=\/wp\/v2\/pages"}],"about":[{"href":"https:\/\/www.murtal-storage.at\/index.php?rest_route=\/wp\/v2\/types\/page"}],"author":[{"embeddable":true,"href":"https:\/\/www.murtal-storage.at\/index.php?rest_route=\/wp\/v2\/users\/1"}],"replies":[{"embeddable":true,"href":"https:\/\/www.murtal-storage.at\/index.php?rest_route=%2Fwp%2Fv2%2Fcomments&post=1161"}],"version-history":[{"count":18,"href":"https:\/\/www.murtal-storage.at\/index.php?rest_route=\/wp\/v2\/pages\/1161\/revisions"}],"predecessor-version":[{"id":1236,"href":"https:\/\/www.murtal-storage.at\/index.php?rest_route=\/wp\/v2\/pages\/1161\/revisions\/1236"}],"up":[{"embeddable":true,"href":"https:\/\/www.murtal-storage.at\/index.php?rest_route=\/wp\/v2\/pages\/40"}],"wp:attachment":[{"href":"https:\/\/www.murtal-storage.at\/index.php?rest_route=%2Fwp%2Fv2%2Fmedia&parent=1161"}],"curies":[{"name":"wp","href":"https:\/\/api.w.org\/{rel}","templated":true}]}}