{"id":31,"date":"2018-01-12T10:36:08","date_gmt":"2018-01-12T10:36:08","guid":{"rendered":"http:\/\/www.murtal-storage.at\/?page_id=31"},"modified":"2026-01-17T11:16:23","modified_gmt":"2026-01-17T11:16:23","slug":"home-1","status":"publish","type":"page","link":"https:\/\/www.murtal-storage.at\/","title":{"rendered":"Startseite"},"content":{"rendered":"<p>[vc_row full_width=&#8221;stretch_row&#8221; content_placement=&#8221;top&#8221;][vc_column icons_position=&#8221;left&#8221;][rev_slider_vc alias=&#8221;slider-1&#8243;][\/vc_column][\/vc_row][vc_row full_width=&#8221;stretch_row&#8221; hide_bg_image_on_tablet=&#8221;&#8221; hide_bg_image_on_mobile=&#8221;&#8221; row_delimiter=&#8221;&#8221; hide_on_desktop=&#8221;&#8221; hide_on_notebook=&#8221;&#8221; hide_on_tablet=&#8221;&#8221; hide_on_mobile=&#8221;&#8221; hide_on_frontpage=&#8221;&#8221;][vc_column scheme=&#8221;default&#8221; hide_bg_image_on_tablet=&#8221;&#8221; hide_bg_image_on_mobile=&#8221;&#8221; icons_position=&#8221;left&#8221;][vc_empty_space height=&#8221;400px&#8221; alter_height=&#8221;none&#8221; hide_on_desktop=&#8221;&#8221; hide_on_notebook=&#8221;&#8221; hide_on_tablet=&#8221;&#8221; hide_on_mobile=&#8221;&#8221;][\/vc_column][\/vc_row][vc_row scheme=&#8221;murtal_gruen&#8221;][vc_column icons_position=&#8221;left&#8221;]<div class=\"sc_content_wrap sc_push_large\"><div id=\"sc_content_1547107841\"\r\n\t\tclass=\"sc_content scheme_murtal_gruen sc_content_default sc_float_center sc_padding_medium very  vc_custom_1662047284079\"><div class=\"sc_content_container\">[vc_empty_space alter_height=&#8221;small&#8221; hide_on_desktop=&#8221;&#8221; hide_on_notebook=&#8221;&#8221; hide_on_tablet=&#8221;&#8221; hide_on_mobile=&#8221;&#8221; css=&#8221;.vc_custom_1526480105120{margin-bottom: 0.6rem !important;}&#8221;]<div id=\"sc_title_1124671908\"\r\n\t\tclass=\"sc_title scheme_murtal_gruen sc_title_default\"><h1 class=\"sc_item_title sc_title_title sc_align_left sc_item_title_style_default sc_item_title_tag\">Ihr Platzproblem ist meine Lagerl\u00f6sung!<\/h1><\/div><!-- \/.sc_title -->[vc_empty_space alter_height=&#8221;medium&#8221; hide_on_desktop=&#8221;&#8221; hide_on_notebook=&#8221;&#8221; hide_on_tablet=&#8221;&#8221; hide_on_mobile=&#8221;&#8221; css=&#8221;.vc_custom_1526480167355{margin-bottom: -0.7rem !important;}&#8221;][vc_row_inner equal_height=&#8221;yes&#8221; content_placement=&#8221;middle&#8221; scheme=&#8221;default&#8221; hide_bg_image_on_tablet=&#8221;&#8221; hide_bg_image_on_mobile=&#8221;&#8221; row_delimiter=&#8221;&#8221; css=&#8221;.vc_custom_1662047872256{background-color: #2d572c !important;}&#8221;][vc_column_inner icons_position=&#8221;left&#8221;]<div id=\"sc_content_1707470704\"\r\n\t\tclass=\"sc_content scheme_murtal_gruen scheme_murtal_gruen sc_content_default sc_float_center  vc_custom_1662113707195\"><div class=\"sc_content_container\">[vc_empty_space alter_height=&#8221;medium&#8221; hide_on_desktop=&#8221;&#8221; hide_on_notebook=&#8221;&#8221; hide_on_tablet=&#8221;&#8221; hide_on_mobile=&#8221;&#8221; css=&#8221;.vc_custom_1526480289517{margin-bottom: -1.6rem !important;}&#8221;]<\/div><\/div><!-- \/.sc_content -->[\/vc_column_inner][vc_column_inner icons_position=&#8221;left&#8221; offset=&#8221;vc_col-md-7&#8243;][vc_column_text]<\/p>\n<h4 class=\"icon-phone-1 trx_addons_no_margin\"><a href=\"tel:+4367763128275\">+43 (0)677 63128275 <\/a><\/h4>\n<p>[\/vc_column_text][\/vc_column_inner][vc_column_inner scheme=&#8221;murtal_gruen&#8221; fix_column=&#8221;&#8221; hide_bg_image_on_tablet=&#8221;&#8221; hide_bg_image_on_mobile=&#8221;&#8221; column_align=&#8221;right&#8221; icons_position=&#8221;left&#8221; offset=&#8221;vc_col-md-5&#8243; css=&#8221;.vc_custom_1662048958723{background-color: #2d572c !important;}&#8221;]<a href=\"\/?page_id=39\" id=\"sc_button_942440339\" class=\"sc_button color_style_link2 sc_button_default  vc_custom_1662048995233 sc_button_size_small sc_button_with_icon sc_button_icon_right\"><span class=\"sc_button_icon\"><span class=\"icon-arrow\"><\/span><\/span><span class=\"sc_button_text\"><span class=\"sc_button_subtitle\">vollkommen unverbindlich<\/span><span class=\"sc_button_title\">Anfragen<\/span><\/span><!-- \/.sc_button_text --><\/a><!-- \/.sc_button -->[\/vc_column_inner][vc_column_inner icons_position=&#8221;left&#8221;][vc_empty_space hide_on_desktop=&#8221;&#8221; hide_on_notebook=&#8221;&#8221; hide_on_tablet=&#8221;&#8221; hide_on_mobile=&#8221;&#8221;][\/vc_column_inner][\/vc_row_inner]<\/div><\/div><!-- \/.sc_content --><\/div><!-- \/.sc_content_wrap -->[vc_empty_space height=&#8221;2.6rem&#8221; alter_height=&#8221;none&#8221; hide_on_desktop=&#8221;&#8221; hide_on_notebook=&#8221;&#8221; hide_on_tablet=&#8221;&#8221; hide_on_mobile=&#8221;&#8221;][\/vc_column][\/vc_row][vc_row scheme=&#8221;murtal_gruen&#8221; row_delimiter=&#8221;&#8221; hide_on_desktop=&#8221;&#8221; hide_on_notebook=&#8221;&#8221; hide_on_tablet=&#8221;&#8221; hide_on_mobile=&#8221;&#8221; hide_on_frontpage=&#8221;&#8221;][vc_column width=&#8221;1\/3&#8243; scheme=&#8221;murtal_gruen&#8221; hide_bg_image_on_tablet=&#8221;&#8221; hide_bg_image_on_mobile=&#8221;&#8221; icons_position=&#8221;left&#8221;][vc_empty_space height=&#8221;30px&#8221; alter_height=&#8221;none&#8221; hide_on_desktop=&#8221;&#8221; hide_on_notebook=&#8221;&#8221; hide_on_tablet=&#8221;&#8221; hide_on_mobile=&#8221;&#8221;][vc_single_image image=&#8221;1023&#8243; img_size=&#8221;350&#215;250&#8243; alignment=&#8221;center&#8221;]<div id=\"sc_content_328635121\"\r\n\t\tclass=\"sc_content scheme_murtal_gruen sc_content_default sc_float_center  vc_custom_1662107958692\"><div class=\"sc_content_container\">[vc_column_text]<\/p>\n<div class=\"sc_services_item_header\">\n<h4 class=\"sc_services_item_title\" style=\"text-align: center;\"><a href=\"https:\/\/www.murtal-storage.at\/?page_id=1056\">Lagerbox<\/a><\/h4>\n<\/div>\n<div class=\"sc_services_item_content\">\n<p>&nbsp;<\/p>\n<p>Ist die Garage wieder einmal voll, oder ist die Werkbank zur H\u00e4lfte schon Ablagefl\u00e4che?<\/p>\n<p>&nbsp;<\/p>\n<p>Mal ehrlich&#8230;<\/p>\n<p>Fr\u00fcher oder sp\u00e4ter ist sogar eine Doppelgarage zu klein mit den vielen Dingen die man einfach nicht hergeben will!<\/p>\n<p>&nbsp;<\/p>\n<\/div>\n<p><a href=\"https:\/\/www.murtal-storage.at\/?page_id=1056\">Die L\u00f6sung finden Sie hier &gt;&gt;&gt;<\/a>[\/vc_column_text]<\/div><\/div><!-- \/.sc_content -->[\/vc_column][vc_column width=&#8221;1\/3&#8243; scheme=&#8221;murtal_gruen&#8221; fix_column=&#8221;&#8221; hide_bg_image_on_tablet=&#8221;&#8221; hide_bg_image_on_mobile=&#8221;&#8221; icons_position=&#8221;left&#8221;][vc_empty_space height=&#8221;30px&#8221; alter_height=&#8221;none&#8221; hide_on_desktop=&#8221;&#8221; hide_on_notebook=&#8221;&#8221; hide_on_tablet=&#8221;&#8221; hide_on_mobile=&#8221;&#8221;][vc_single_image image=&#8221;1022&#8243; img_size=&#8221;350&#215;250&#8243; alignment=&#8221;center&#8221;]<div id=\"sc_content_1310299730\"\r\n\t\tclass=\"sc_content scheme_murtal_gruen sc_content_default sc_float_center  vc_custom_1662111801882\"><div class=\"sc_content_container\">[vc_column_text]<\/p>\n<div class=\"sc_services_item_header\">\n<h4 class=\"sc_services_item_title\" style=\"text-align: center;\"><a href=\"https:\/\/www.murtal-storage.at\/?page_id=1122\">Abstellplatz<\/a><\/h4>\n<\/div>\n<div class=\"sc_services_item_content\">\n<p>&nbsp;<\/p>\n<p>Besitzer von Gro\u00dfraumfahrzeugen wie Camper, Wohnwagen oder LKW`s haben`s schwer.<\/p>\n<p>Ihr Wohnwagen oder Wohnmobil verstellt Ihren sch\u00f6nen Garten oder steht ungesichert irgendwo in einer Wiese?<\/p>\n<\/div>\n<p>Sie suchen einen zugelassenen LKW Abstellplatz?<\/p>\n<p>&nbsp;<\/p>\n<div class=\"sc_services_item_header\"><a href=\"https:\/\/www.murtal-storage.at\/?page_id=1122\">Die L\u00f6sung finden Sie hier &gt;&gt;&gt;<\/a><\/div>\n<p>[\/vc_column_text]<\/div><\/div><!-- \/.sc_content -->[\/vc_column][vc_column width=&#8221;1\/3&#8243; icons_position=&#8221;left&#8221;][vc_empty_space height=&#8221;30px&#8221; alter_height=&#8221;none&#8221; hide_on_desktop=&#8221;&#8221; hide_on_notebook=&#8221;&#8221; hide_on_tablet=&#8221;&#8221; hide_on_mobile=&#8221;&#8221;][vc_single_image image=&#8221;851&#8243; img_size=&#8221;350&#215;250&#8243;]<div id=\"sc_content_1960062736\"\r\n\t\tclass=\"sc_content scheme_murtal_gruen sc_content_default sc_float_center  vc_custom_1662111801882\"><div class=\"sc_content_container\">[vc_column_text]<\/p>\n<div class=\"sc_services_item_header\">\n<h4 class=\"sc_services_item_title\" style=\"text-align: center;\"><a href=\"https:\/\/www.murtal-storage.at\/?page_id=1161\">Lagerplatz<\/a><\/h4>\n<\/div>\n<div class=\"sc_services_item_content\">\n<p>&nbsp;<\/p>\n<p>Sie haben einen eigenen Container den Sie legal dauerhaft abstellen m\u00f6chten?<\/p>\n<p>&nbsp;<\/p>\n<p>Ihr Lagerplatz geht f\u00f6rmlich \u00fcber und Sie sind nur mehr mit Rangierarbeiten belastet?<\/p>\n<\/div>\n<p>Sie brauchen kurzfristig mehr Lagerkapazit\u00e4t f\u00fcr ein anstehendes Gro\u00dfprojekt?<\/p>\n<p>&nbsp;<\/p>\n<div class=\"sc_services_item_header\"><a href=\"https:\/\/www.murtal-storage.at\/?page_id=1161\">Die L\u00f6sung finden Sie hier &gt;&gt;&gt;<\/a><\/div>\n<p>[\/vc_column_text]<\/div><\/div><!-- \/.sc_content -->[\/vc_column][\/vc_row][vc_row][vc_column icons_position=&#8221;left&#8221; offset=&#8221;vc_col-md-offset-1 vc_col-md-10&#8243;][vc_empty_space alter_height=&#8221;huge&#8221; hide_on_desktop=&#8221;&#8221; hide_on_notebook=&#8221;&#8221; hide_on_tablet=&#8221;&#8221; hide_on_mobile=&#8221;&#8221;]<div  id=\"sc_testimonials_1291175762\"\t\tclass=\"sc_testimonials sc_testimonials_simple\"><h2 class=\"sc_item_title sc_testimonials_title sc_align_center sc_item_title_style_default\">Kundenmeinungen<\/h2><div id=\"sc_testimonials_1291175762_outer\" class=\"sc_testimonials_slider sc_item_slider slider_swiper_outer slider_outer slider_outer_controls slider_outer_controls_side slider_outer_pagination slider_outer_pagination_bullets slider_outer_pagination_pos_bottom slider_outer_one\">\r\n\t<div id=\"sc_testimonials_1291175762_swiper\" class=\"slider_container swiper-slider-container slider_swiper slider_noresize slider_controls slider_controls_side slider_pagination slider_pagination_bullets slider_pagination_pos_bottom slider_one\" data-slides-min-width=\"290\" data-pagination=\"bullets\">\r\n\t\t<div class=\"slides slider-wrapper swiper-wrapper sc_item_columns_1\"><div class=\"slider-slide swiper-slide\"><div class=\"sc_testimonials_item\">\r\n\t<div class=\"sc_testimonials_item_content\"><p>&#8220;Ich m\u00f6chte mich in dieser Form bei dir als Betreiber des Murtal-Storage einmal recht herzlich f\u00fcr dein Arrangement und Service bedanken.<br \/>\nNicht nur, dass du deine Abstellfl\u00e4che f\u00fcr mein Carport zu wirklich kosteng\u00fcnstige Konditionen zur Verf\u00fcgung stellst, m\u00f6chte ich auch deine unentgeltliche und selbstlose Hilfe bez\u00fcglich Berechnung der Statik, und Hilfestellung gegen\u00fcber den Beh\u00f6rden besonders erw\u00e4hnen. Es ist auch mein pers\u00f6nliches Anliegen es einmal in aller \u00d6ffentlichkeit zu sagen, dass du immer ein \u201eoffenes Ohr\u201c bei Fragen und Probleme bez\u00fcglich Einstellplatz\/Lagerplatz hast, und versuchst L\u00f6sungen anzubieten.<br \/>\nVon meiner Seite kann ich das Murtal-Storage nur f\u00fcr alle Empfehlen, die eine qualitativ hochwertige, aber doch kosteng\u00fcnstige Abstell oder Lagerfl\u00e4chen suchen. &#8220;<\/p>\n<\/div>\r\n\t<div class=\"sc_testimonials_item_author\">\r\n\t\t<div class=\"sc_testimonials_item_author_data\">\r\n\t\t\t<h4 class=\"sc_testimonials_item_author_title\">Maximilian<\/h4>\r\n\t\t\t<div class=\"sc_testimonials_item_author_subtitle\"><\/div>\r\n\t\t<\/div>\r\n\t<\/div>\r\n<\/div>\r\n<\/div><div class=\"slider-slide swiper-slide\"><div class=\"sc_testimonials_item\">\r\n\t<div class=\"sc_testimonials_item_content\"><p>&#8220;Ausgezeichnet befestigter Lagerplatz auch f\u00fcr schweres Ger\u00e4t bei jeder Witterung geeignet. Top zentral gelegene Verkehrsanbindung. Sicherung des Platzes mit Tor, Kamera und vollst\u00e4ndiger Umz\u00e4unung ausgezeichnet. Unb\u00fcrokratische L\u00f6sungsangebote bei Sonderanfragen!&#8221;<\/p>\n<\/div>\r\n\t<div class=\"sc_testimonials_item_author\">\r\n\t\t<div class=\"sc_testimonials_item_author_data\">\r\n\t\t\t<h4 class=\"sc_testimonials_item_author_title\">Heimo Freisinger<\/h4>\r\n\t\t\t<div class=\"sc_testimonials_item_author_subtitle\">Fa. Holzschl\u00e4gerung Schoppl<\/div>\r\n\t\t<\/div>\r\n\t<\/div>\r\n<\/div>\r\n<\/div><div class=\"slider-slide swiper-slide\"><div class=\"sc_testimonials_item\">\r\n\t<div class=\"sc_testimonials_item_content\"><p>&#8220;Habe den Container schon seit Jahren gemietet. Habe reichlich Platz f\u00fcr mein Motorrad, Reifen, Werkbank zum Basteln und Regale zum Sachen verstauen usw.<br \/>\nDurch das Tor und die \u00dcberwachungskamera ist alles sicher.<br \/>\nKann Tag und Nacht zum Container ohne jemanden zu st\u00f6ren. Freundlicher und unkomplizierter Kundenservice. Kann jeden solch einen Container w\u00e4rmstens empfehlen, wenn er Platz braucht oder etwas unterbringen will&#8221;<\/p>\n<\/div>\r\n\t<div class=\"sc_testimonials_item_author\">\r\n\t\t<div class=\"sc_testimonials_item_author_data\">\r\n\t\t\t<h4 class=\"sc_testimonials_item_author_title\">Markus<\/h4>\r\n\t\t\t<div class=\"sc_testimonials_item_author_subtitle\"><\/div>\r\n\t\t<\/div>\r\n\t<\/div>\r\n<\/div>\r\n<\/div><\/div><div class=\"slider_controls_wrap\"><a class=\"slider_prev swiper-button-prev\" href=\"#\"><\/a><a class=\"slider_next swiper-button-next\" href=\"#\"><\/a><\/div><\/div><div class=\"slider_pagination_wrap swiper-pagination\"><\/div><\/div><\/div><!-- \/.sc_testimonials -->[\/vc_column][\/vc_row][vc_row full_width=&#8221;stretch_row&#8221; hide_bg_image_on_tablet=&#8221;&#8221; hide_bg_image_on_mobile=&#8221;&#8221; css=&#8221;.vc_custom_1526549293755{background-image: url(http:\/\/www.murtal-storage.at\/wp-content\/uploads\/2018\/01\/bg-4.jpg?id=237) !important;background-position: top left !important;background-repeat: no-repeat !important;background-size: cover !important;}&#8221;][vc_column hide_bg_image_on_tablet=&#8221;&#8221; hide_bg_image_on_mobile=&#8221;&#8221; icons_position=&#8221;left&#8221; css=&#8221;.vc_custom_1663238173881{background-color: #e6d2b5 !important;}&#8221;][vc_empty_space alter_height=&#8221;huge&#8221; hide_on_desktop=&#8221;&#8221; hide_on_notebook=&#8221;&#8221; hide_on_tablet=&#8221;&#8221; hide_on_mobile=&#8221;&#8221; css=&#8221;.vc_custom_1526458333469{margin-bottom: -1.1rem !important;}&#8221;][\/vc_column][\/vc_row]<\/p>\n","protected":false},"excerpt":{"rendered":"<p>[vc_row full_width=&#8221;stretch_row&#8221; content_placement=&#8221;top&#8221;][vc_column icons_position=&#8221;left&#8221;][rev_slider_vc alias=&#8221;slider-1&#8243;][\/vc_column][\/vc_row][vc_row full_width=&#8221;stretch_row&#8221; hide_bg_image_on_tablet=&#8221;&#8221; hide_bg_image_on_mobile=&#8221;&#8221; row_delimiter=&#8221;&#8221; hide_on_desktop=&#8221;&#8221;&hellip;<\/p>\n","protected":false},"author":1,"featured_media":0,"parent":0,"menu_order":0,"comment_status":"closed","ping_status":"closed","template":"","meta":{"footnotes":""},"class_list":["post-31","page","type-page","status-publish","hentry"],"_links":{"self":[{"href":"https:\/\/www.murtal-storage.at\/index.php?rest_route=\/wp\/v2\/pages\/31","targetHints":{"allow":["GET"]}}],"collection":[{"href":"https:\/\/www.murtal-storage.at\/index.php?rest_route=\/wp\/v2\/pages"}],"about":[{"href":"https:\/\/www.murtal-storage.at\/index.php?rest_route=\/wp\/v2\/types\/page"}],"author":[{"embeddable":true,"href":"https:\/\/www.murtal-storage.at\/index.php?rest_route=\/wp\/v2\/users\/1"}],"replies":[{"embeddable":true,"href":"https:\/\/www.murtal-storage.at\/index.php?rest_route=%2Fwp%2Fv2%2Fcomments&post=31"}],"version-history":[{"count":87,"href":"https:\/\/www.murtal-storage.at\/index.php?rest_route=\/wp\/v2\/pages\/31\/revisions"}],"predecessor-version":[{"id":1241,"href":"https:\/\/www.murtal-storage.at\/index.php?rest_route=\/wp\/v2\/pages\/31\/revisions\/1241"}],"wp:attachment":[{"href":"https:\/\/www.murtal-storage.at\/index.php?rest_route=%2Fwp%2Fv2%2Fmedia&parent=31"}],"curies":[{"name":"wp","href":"https:\/\/api.w.org\/{rel}","templated":true}]}}