{"id":40,"date":"2018-01-12T10:37:51","date_gmt":"2018-01-12T10:37:51","guid":{"rendered":"http:\/\/www.murtal-storage.at\/?page_id=40"},"modified":"2025-09-28T16:55:51","modified_gmt":"2025-09-28T16:55:51","slug":"our-services","status":"publish","type":"page","link":"https:\/\/www.murtal-storage.at\/?page_id=40","title":{"rendered":"Meine Lagerl\u00f6sungen f\u00fcr Sie&#8230;"},"content":{"rendered":"<p>[vc_row hide_bg_image_on_tablet=&#8221;&#8221; hide_bg_image_on_mobile=&#8221;&#8221; row_delimiter=&#8221;&#8221; hide_on_desktop=&#8221;&#8221; hide_on_notebook=&#8221;&#8221; hide_on_tablet=&#8221;&#8221; hide_on_mobile=&#8221;&#8221; hide_on_frontpage=&#8221;&#8221;][vc_column width=&#8221;1\/3&#8243; icons_position=&#8221;left&#8221;]<div id=\"sc_content_1397627467\"\r\n\t\tclass=\"sc_content scheme_murtal_gruen sc_content_default sc_float_center  vc_custom_1662190514455\"><div class=\"sc_content_container\">[vc_column_text]<\/p>\n<h3 style=\"text-align: center;\">Lagerbox<\/h3>\n<p>Ideal f\u00fcr Bastler als Kleinwerkst\u00e4tte<\/p>\n<p>Perfekte Motorradgarage!<\/p>\n<p>Als Wintergarage f\u00fcr Ihren wertvollen Oldtimer.<\/p>\n<p>f\u00fcr Gewerbebetriebe als Aussenlager<\/p>\n<p><a href=\"https:\/\/www.murtal-storage.at\/?page_id=1056\">weitere Infos &gt;&gt;&gt;<\/a>[\/vc_column_text]<\/div><\/div><!-- \/.sc_content -->[vc_empty_space hide_on_desktop=&#8221;&#8221; hide_on_notebook=&#8221;&#8221; hide_on_tablet=&#8221;&#8221; hide_on_mobile=&#8221;&#8221;][vc_images_carousel images=&#8221;1070,1069,1016,1068,1071&#8243; img_size=&#8221;370&#215;370&#8243;][\/vc_column][vc_column width=&#8221;1\/3&#8243; icons_position=&#8221;left&#8221;]<div id=\"sc_content_1113287132\"\r\n\t\tclass=\"sc_content scheme_murtal_gruen sc_content_default sc_float_center  vc_custom_1662190514455\"><div class=\"sc_content_container\">[vc_column_text]<\/p>\n<h3 style=\"text-align: center;\">Abstellplatz<\/h3>\n<p>Gro\u00dfz\u00fcgige Platzverzh\u00e4ltnisse; kein enges Rangieren notwendig!<\/p>\n<p>Bestens geeignet f\u00fcr Camper oder Wohnwagen<\/p>\n<p>Zugelassen als Abstellplatz f\u00fcr ab LKW \u00fcber 3,5 to<\/p>\n<p><a href=\"https:\/\/www.murtal-storage.at\/?page_id=1122\">weitere Infos &gt;&gt;&gt;<\/a>[\/vc_column_text]<\/div><\/div><!-- \/.sc_content -->[vc_empty_space hide_on_desktop=&#8221;&#8221; hide_on_notebook=&#8221;&#8221; hide_on_tablet=&#8221;&#8221; hide_on_mobile=&#8221;&#8221;][vc_images_carousel images=&#8221;852,1010,1009&#8243; img_size=&#8221;370&#215;370&#8243;][\/vc_column][vc_column width=&#8221;1\/3&#8243; icons_position=&#8221;left&#8221;]<div id=\"sc_content_1164750210\"\r\n\t\tclass=\"sc_content scheme_murtal_gruen sc_content_default sc_float_center  vc_custom_1662305318580\"><div class=\"sc_content_container\">[vc_column_text]<\/p>\n<h3 style=\"text-align: center;\">Lagerplatz<\/h3>\n<p>Egal ob Sie einen 10 ft Container aufstellen wollen oder ob Sie eine Gesamtfl\u00e4che von bis zu 2500 m\u00b2 ben\u00f6tigen, Wir werden eine L\u00f6sung finden!<\/p>\n<p>&nbsp;<\/p>\n<p>&nbsp;<\/p>\n<p><a href=\"https:\/\/www.murtal-storage.at\/?page_id=1161\">weiter Infos &gt;&gt;&gt;<\/a>[\/vc_column_text]<\/div><\/div><!-- \/.sc_content -->[vc_empty_space hide_on_desktop=&#8221;&#8221; hide_on_notebook=&#8221;&#8221; hide_on_tablet=&#8221;&#8221; hide_on_mobile=&#8221;&#8221;][vc_single_image image=&#8221;1190&#8243; img_size=&#8221;370&#215;370&#8243;][\/vc_column][\/vc_row][vc_row scheme=&#8221;murtal_gruen&#8221; hide_bg_image_on_tablet=&#8221;&#8221; hide_bg_image_on_mobile=&#8221;&#8221; row_delimiter=&#8221;&#8221; hide_on_desktop=&#8221;&#8221; hide_on_notebook=&#8221;&#8221; hide_on_tablet=&#8221;&#8221; hide_on_mobile=&#8221;&#8221; hide_on_frontpage=&#8221;&#8221; css=&#8221;.vc_custom_1662192049176{background-color: #2d572c !important;}&#8221;][vc_column icons_position=&#8221;left&#8221;]<div id=\"sc_content_350097656\"\r\n\t\tclass=\"sc_content scheme_murtal_gruen sc_content_default sc_float_center  vc_custom_1662191941232\"><div class=\"sc_content_container\">[vc_column_text]<\/p>\n<h1 style=\"text-align: center;\">Preisliste<\/h1>\n<p>[\/vc_column_text][vc_empty_space hide_on_desktop=&#8221;&#8221; hide_on_notebook=&#8221;&#8221; hide_on_tablet=&#8221;&#8221; hide_on_mobile=&#8221;&#8221;]<div class=\"sc_item_button sc_button_wrap sc_align_center\"><a href=\"https:\/\/www.murtal-storage.at\/wp-content\/uploads\/2025\/09\/Preisliste-010725.pdf1\/Preisliste-010225.pdf\" id=\"sc_button_973541510\" class=\"sc_button sc_button_default  vc_custom_1759078545753 sc_button_size_normal sc_button_icon_left\" target=\"_blank\"><span class=\"sc_button_text sc_align_center\"><span class=\"sc_button_title\">Preisliste download<\/span><\/span><!-- \/.sc_button_text --><\/a><!-- \/.sc_button --><\/div><!-- \/.sc_item_button -->[vc_empty_space hide_on_desktop=&#8221;&#8221; hide_on_notebook=&#8221;&#8221; hide_on_tablet=&#8221;&#8221; hide_on_mobile=&#8221;&#8221;]<\/div><\/div><!-- \/.sc_content -->[vc_column_text scheme=&#8221;murtal_gruen&#8221; css=&#8221;.vc_custom_1662211833282{background-color: #2d572c !important;}&#8221;]<\/p>\n<div class=\"_31u0L\">\n<div class=\"_2fS9E\" data-testid=\"static-text-element\">\n<div class=\"VMMI-\">\n<div class=\"\">\n<p class=\"text-align-center\">Alle Preise verstehen sich als Endpreis ohne Umsatzsteuer. Vertragsbindung f\u00fcr die gesamte gew\u00e4hlte Laufzeit (bei unbefristeter Mietdauer f\u00fcr die ersten 12 Monate). \u00c4nderungen, Satz- und Druckfehler vorbehalten.<\/p>\n<h3 class=\"text-align-center\" style=\"text-align: center;\"><em>ab Mietdauer von mehr als 1 Jahr 5% Rabatt<\/em><\/h3>\n<\/div>\n<\/div>\n<\/div>\n<\/div>\n<p>[\/vc_column_text][\/vc_column][\/vc_row]<\/p>\n","protected":false},"excerpt":{"rendered":"<p>[vc_row hide_bg_image_on_tablet=&#8221;&#8221; hide_bg_image_on_mobile=&#8221;&#8221; row_delimiter=&#8221;&#8221; hide_on_desktop=&#8221;&#8221; hide_on_notebook=&#8221;&#8221; hide_on_tablet=&#8221;&#8221; hide_on_mobile=&#8221;&#8221; hide_on_frontpage=&#8221;&#8221;][vc_column width=&#8221;1\/3&#8243;&hellip;<\/p>\n","protected":false},"author":1,"featured_media":0,"parent":0,"menu_order":0,"comment_status":"closed","ping_status":"closed","template":"","meta":{"footnotes":""},"class_list":["post-40","page","type-page","status-publish","hentry"],"_links":{"self":[{"href":"https:\/\/www.murtal-storage.at\/index.php?rest_route=\/wp\/v2\/pages\/40","targetHints":{"allow":["GET"]}}],"collection":[{"href":"https:\/\/www.murtal-storage.at\/index.php?rest_route=\/wp\/v2\/pages"}],"about":[{"href":"https:\/\/www.murtal-storage.at\/index.php?rest_route=\/wp\/v2\/types\/page"}],"author":[{"embeddable":true,"href":"https:\/\/www.murtal-storage.at\/index.php?rest_route=\/wp\/v2\/users\/1"}],"replies":[{"embeddable":true,"href":"https:\/\/www.murtal-storage.at\/index.php?rest_route=%2Fwp%2Fv2%2Fcomments&post=40"}],"version-history":[{"count":50,"href":"https:\/\/www.murtal-storage.at\/index.php?rest_route=\/wp\/v2\/pages\/40\/revisions"}],"predecessor-version":[{"id":1233,"href":"https:\/\/www.murtal-storage.at\/index.php?rest_route=\/wp\/v2\/pages\/40\/revisions\/1233"}],"wp:attachment":[{"href":"https:\/\/www.murtal-storage.at\/index.php?rest_route=%2Fwp%2Fv2%2Fmedia&parent=40"}],"curies":[{"name":"wp","href":"https:\/\/api.w.org\/{rel}","templated":true}]}}